{"id":12908,"date":"2023-05-13T18:15:01","date_gmt":"2023-05-13T22:15:01","guid":{"rendered":"https:\/\/accident-gurus.com\/contacto-2\/"},"modified":"2024-04-28T05:01:33","modified_gmt":"2024-04-28T09:01:33","slug":"contacto","status":"publish","type":"page","link":"https:\/\/accident-gurus.com\/es\/contacto\/","title":{"rendered":"Contacto"},"content":{"rendered":"\t\t<div data-elementor-type=\"wp-page\" data-elementor-id=\"12908\" class=\"elementor elementor-12908 elementor-11999\" data-elementor-post-type=\"page\">\n\t\t\t\t<div class=\"elementor-element elementor-element-1d32033 e-flex e-con-boxed e-con e-parent\" data-id=\"1d32033\" data-element_type=\"container\" data-e-type=\"container\" data-settings=\"{&quot;background_background&quot;:&quot;classic&quot;}\">\n\t\t\t\t\t<div class=\"e-con-inner\">\n\t\t<div class=\"elementor-element elementor-element-40cf27d e-con-full e-flex e-con e-child\" data-id=\"40cf27d\" data-element_type=\"container\" data-e-type=\"container\">\n\t\t\t\t<div class=\"elementor-element elementor-element-ed7dd36 elementor-widget elementor-widget-heading\" data-id=\"ed7dd36\" data-element_type=\"widget\" data-e-type=\"widget\" data-widget_type=\"heading.default\">\n\t\t\t\t<div class=\"elementor-widget-container\">\n\t\t\t\t\t<h1 class=\"elementor-heading-title elementor-size-default\">CONT\u00c1CTENOS<br> ACCIDENT GURUS\u2122 - UN BUFETE DE ABOGADOS.<\/h1>\t\t\t\t<\/div>\n\t\t\t\t<\/div>\n\t\t\t\t<\/div>\n\t\t\t\t\t<\/div>\n\t\t\t\t<\/div>\n\t\t<div class=\"elementor-element elementor-element-f20a56d e-con-full e-flex e-con e-parent\" data-id=\"f20a56d\" data-element_type=\"container\" data-e-type=\"container\">\n\t\t<div class=\"elementor-element elementor-element-1a6ddaa e-con-full e-flex e-con e-child\" data-id=\"1a6ddaa\" data-element_type=\"container\" data-e-type=\"container\" data-settings=\"{&quot;background_background&quot;:&quot;classic&quot;}\">\n\t\t\t\t<div class=\"elementor-element elementor-element-f85c7a2 elementor-widget elementor-widget-heading\" data-id=\"f85c7a2\" data-element_type=\"widget\" data-e-type=\"widget\" data-widget_type=\"heading.default\">\n\t\t\t\t<div class=\"elementor-widget-container\">\n\t\t\t\t\t<h2 class=\"elementor-heading-title elementor-size-default\">CONTACTA ACCIDENT GURUS<\/h2>\t\t\t\t<\/div>\n\t\t\t\t<\/div>\n\t\t\t\t<div class=\"elementor-element elementor-element-876e38c elementor-widget elementor-widget-heading\" data-id=\"876e38c\" data-element_type=\"widget\" data-e-type=\"widget\" data-widget_type=\"heading.default\">\n\t\t\t\t<div class=\"elementor-widget-container\">\n\t\t\t\t\t<span class=\"elementor-heading-title elementor-size-default\">\u00a1Ll\u00e1menos hoy mismo!<\/span>\t\t\t\t<\/div>\n\t\t\t\t<\/div>\n\t\t\t\t<div class=\"elementor-element elementor-element-40000bd elementor-widget elementor-widget-heading\" data-id=\"40000bd\" data-element_type=\"widget\" data-e-type=\"widget\" data-widget_type=\"heading.default\">\n\t\t\t\t<div class=\"elementor-widget-container\">\n\t\t\t\t\t<span class=\"elementor-heading-title elementor-size-default\">Deje un mensaje, env\u00ede un correo electr\u00f3nico o busque la oficina m\u00e1s cercana.<\/span>\t\t\t\t<\/div>\n\t\t\t\t<\/div>\n\t\t\t\t<div class=\"elementor-element elementor-element-2a14663 elementor-view-framed elementor-shape-square elementor-position-inline-end elementor-tablet-position-inline-start elementor-mobile-position-inline-start elementor-widget__width-inherit elementor-widget-laptop__width-initial elementor-widget-tablet__width-initial elementor-widget elementor-widget-icon-box\" data-id=\"2a14663\" data-element_type=\"widget\" data-e-type=\"widget\" data-widget_type=\"icon-box.default\">\n\t\t\t\t<div class=\"elementor-widget-container\">\n\t\t\t\t\t\t\t<div class=\"elementor-icon-box-wrapper\">\n\n\t\t\t\t\t\t<div class=\"elementor-icon-box-icon\">\n\t\t\t\t<a href=\"tel:18662948787\" class=\"elementor-icon\" tabindex=\"-1\" aria-label=\" 1 (866) AX-GURUS &lt;br&gt;  1 (866) 294 8787\">\n\t\t\t\t<i aria-hidden=\"true\" class=\"fas fa-phone\"><\/i>\t\t\t\t<\/a>\n\t\t\t<\/div>\n\t\t\t\n\t\t\t\t\t\t<div class=\"elementor-icon-box-content\">\n\n\t\t\t\t\t\t\t\t\t<h3 class=\"elementor-icon-box-title\">\n\t\t\t\t\t\t<a href=\"tel:18662948787\" >\n\t\t\t\t\t\t\t 1 (866) AX-GURUS <br>  1 (866) 294 8787\t\t\t\t\t\t<\/a>\n\t\t\t\t\t<\/h3>\n\t\t\t\t\n\t\t\t\t\n\t\t\t<\/div>\n\t\t\t\n\t\t<\/div>\n\t\t\t\t\t\t<\/div>\n\t\t\t\t<\/div>\n\t\t\t\t<\/div>\n\t\t<div class=\"elementor-element elementor-element-b748047 e-con-full e-flex e-con e-child\" data-id=\"b748047\" data-element_type=\"container\" data-e-type=\"container\" data-settings=\"{&quot;background_background&quot;:&quot;classic&quot;}\">\n\t\t<div class=\"elementor-element elementor-element-9fd9f3b e-flex e-con-boxed e-con e-child\" data-id=\"9fd9f3b\" data-element_type=\"container\" data-e-type=\"container\">\n\t\t\t\t\t<div class=\"e-con-inner\">\n\t\t\t\t<div class=\"elementor-element elementor-element-1ecf396 t_c_free elementor-widget elementor-widget-heading\" data-id=\"1ecf396\" data-element_type=\"widget\" data-e-type=\"widget\" data-widget_type=\"heading.default\">\n\t\t\t\t<div class=\"elementor-widget-container\">\n\t\t\t\t\t<h2 class=\"elementor-heading-title elementor-size-default\">OBTENGA UNA LLAMADA GRATUITA<\/h2>\t\t\t\t<\/div>\n\t\t\t\t<\/div>\n\t\t\t\t<div class=\"elementor-element elementor-element-d25306f elementor-widget elementor-widget-text-editor\" data-id=\"d25306f\" data-element_type=\"widget\" data-e-type=\"widget\" data-widget_type=\"text-editor.default\">\n\t\t\t\t<div class=\"elementor-widget-container\">\n\t\t\t\t\t\t\t\t\t\n<div class=\"wpcf7 no-js\" id=\"wpcf7-f12024-o1\" lang=\"en-US\" dir=\"ltr\" data-wpcf7-id=\"12024\">\n<div class=\"screen-reader-response\"><p role=\"status\" aria-live=\"polite\" aria-atomic=\"true\"><\/p> <ul><\/ul><\/div>\n<form action=\"\/es\/wp-json\/wp\/v2\/pages\/12908#wpcf7-f12024-o1\" method=\"post\" class=\"wpcf7-form init\" aria-label=\"Contact form\" novalidate=\"novalidate\" data-status=\"init\">\n<fieldset class=\"hidden-fields-container\"><input type=\"hidden\" name=\"_wpcf7\" value=\"12024\" \/><input type=\"hidden\" name=\"_wpcf7_version\" value=\"6.1.5\" \/><input type=\"hidden\" name=\"_wpcf7_locale\" value=\"en_US\" \/><input type=\"hidden\" name=\"_wpcf7_unit_tag\" value=\"wpcf7-f12024-o1\" \/><input type=\"hidden\" name=\"_wpcf7_container_post\" value=\"0\" \/><input type=\"hidden\" name=\"_wpcf7_posted_data_hash\" value=\"\" \/><input type=\"hidden\" name=\"_wpcf7_recaptcha_response\" value=\"\" \/>\n<\/fieldset>\n<div id=\"responsive-form\" class=\"clearfix\">\n\t<div class=\"form-row\">\n\t\t<div class=\"column-half\">\n\t\t\t<p><span class=\"wpcf7-form-control-wrap\" data-name=\"your-name\"><input size=\"40\" maxlength=\"400\" class=\"wpcf7-form-control wpcf7-text wpcf7-validates-as-required\" id=\"form_call\" aria-required=\"true\" aria-invalid=\"false\" placeholder=\"Name\" value=\"\" type=\"text\" name=\"your-name\" \/><\/span>\n\t\t\t<\/p>\n\t\t<\/div>\n\t\t<div class=\"column-half\">\n\t\t\t<p><span class=\"wpcf7-form-control-wrap\" data-name=\"your-email\"><input size=\"40\" maxlength=\"400\" class=\"wpcf7-form-control wpcf7-email wpcf7-validates-as-required wpcf7-text wpcf7-validates-as-email\" id=\"form_call_1\" aria-required=\"true\" aria-invalid=\"false\" placeholder=\"E-mail*\" value=\"\" type=\"email\" name=\"your-email\" \/><\/span>\n\t\t\t<\/p>\n\t\t<\/div>\n\t<\/div>\n\t<div class=\"form-row\">\n\t\t<div class=\"column-full\">\n\t\t\t<p><span class=\"wpcf7-form-control-wrap\" data-name=\"your-tel\"><input size=\"40\" maxlength=\"400\" class=\"wpcf7-form-control wpcf7-tel wpcf7-validates-as-required wpcf7-text wpcf7-validates-as-tel\" id=\"form_call_2\" aria-required=\"true\" aria-invalid=\"false\" placeholder=\"Telephone*\" value=\"\" type=\"tel\" name=\"your-tel\" \/><\/span>\n\t\t\t<\/p>\n\t\t<\/div>\n\t<\/div>\n\t<div class=\"form-row\">\n\t\t<div class=\"column-full\">\n\t\t\t<p><span class=\"wpcf7-form-control-wrap\" data-name=\"your-message\"><textarea cols=\"4\" rows=\"4\" maxlength=\"2000\" class=\"wpcf7-form-control wpcf7-textarea wpcf7-validates-as-required\" id=\"form_call_4\" aria-required=\"true\" aria-invalid=\"false\" placeholder=\"Details*\" name=\"your-message\"><\/textarea><\/span>\n\t\t\t<\/p>\n\t\t<\/div>\n\t<\/div>\n\t<div class=\"form-row\">\n\t\t<div class=\"column-full\">\n\t\t\t<p><input class=\"wpcf7-form-control wpcf7-submit has-spinner\" id=\"bt_form_call\" type=\"submit\" value=\"SUBMIT\" \/>\n\t\t\t<\/p>\n\t\t<\/div>\n\t<\/div>\n<\/div><!--end responsive-form--><div class=\"wpcf7-response-output\" aria-hidden=\"true\"><\/div>\n<\/form>\n<\/div>\n\n\t\t\t\t\t\t\t\t<\/div>\n\t\t\t\t<\/div>\n\t\t\t\t\t<\/div>\n\t\t\t\t<\/div>\n\t\t\t\t<\/div>\n\t\t\t\t<\/div>\n\t\t<div class=\"elementor-element elementor-element-42f49fb e-con-full e-flex e-con e-parent\" data-id=\"42f49fb\" data-element_type=\"container\" data-e-type=\"container\">\n\t\t<div class=\"elementor-element elementor-element-a182628 e-con-full e-flex e-con e-child\" data-id=\"a182628\" data-element_type=\"container\" data-e-type=\"container\">\n\t\t\t\t<div class=\"elementor-element elementor-element-673f8d0 elementor-widget elementor-widget-html\" data-id=\"673f8d0\" data-element_type=\"widget\" data-e-type=\"widget\" data-widget_type=\"html.default\">\n\t\t\t\t<div class=\"elementor-widget-container\">\n\t\t\t\t\t<iframe src=\"https:\/\/www.google.com\/maps\/embed?pb=!1m14!1m8!1m3!1d14342.692066071206!2d-80.1571078!3d26.0115266!3m2!1i1024!2i768!4f13.1!3m3!1m2!1s0x88d9abe87aa30615%3A0xacbeee401bfdddc5!2sAccident%20Gurus!5e0!3m2!1sen!2sco!4v1684962781806!5m2!1sen!2sco\" width=\"600\" height=\"800\" style=\"border:0;\" allowfullscreen=\"\" loading=\"lazy\" referrerpolicy=\"no-referrer-when-downgrade\"><\/iframe>\t\t\t\t<\/div>\n\t\t\t\t<\/div>\n\t\t\t\t<\/div>\n\t\t<div class=\"elementor-element elementor-element-f073226 e-con-full e-flex e-con e-child\" data-id=\"f073226\" data-element_type=\"container\" data-e-type=\"container\" data-settings=\"{&quot;background_background&quot;:&quot;classic&quot;}\">\n\t\t<div class=\"elementor-element elementor-element-bd21405 e-con-full e-flex e-con e-child\" data-id=\"bd21405\" data-element_type=\"container\" data-e-type=\"container\">\n\t\t\t\t<div class=\"elementor-element elementor-element-a4c2906 elementor-widget__width-initial elementor-widget elementor-widget-heading\" data-id=\"a4c2906\" data-element_type=\"widget\" data-e-type=\"widget\" data-widget_type=\"heading.default\">\n\t\t\t\t<div class=\"elementor-widget-container\">\n\t\t\t\t\t<h2 class=\"elementor-heading-title elementor-size-default\">CONTACTO Y UBICACI\u00d3N<\/h2>\t\t\t\t<\/div>\n\t\t\t\t<\/div>\n\t\t\t\t<div class=\"elementor-element elementor-element-1e4d4e9 elementor-widget__width-initial elementor-widget-tablet__width-initial elementor-widget-tablet_extra__width-initial elementor-widget elementor-widget-heading\" data-id=\"1e4d4e9\" data-element_type=\"widget\" data-e-type=\"widget\" data-widget_type=\"heading.default\">\n\t\t\t\t<div class=\"elementor-widget-container\">\n\t\t\t\t\t<span class=\"elementor-heading-title elementor-size-default\">Estamos aqu\u00ed para usted<div style=\"color:#f40000\">\n24 horas al d\u00eda, 7 d\u00edas a la semana<\/div><\/span>\t\t\t\t<\/div>\n\t\t\t\t<\/div>\n\t\t<div class=\"elementor-element elementor-element-9b53e11 e-flex e-con-boxed e-con e-child\" data-id=\"9b53e11\" data-element_type=\"container\" data-e-type=\"container\">\n\t\t\t\t\t<div class=\"e-con-inner\">\n\t\t<div class=\"elementor-element elementor-element-e56d57f e-con-full e-flex e-con e-child\" data-id=\"e56d57f\" data-element_type=\"container\" data-e-type=\"container\">\n\t\t\t\t<div class=\"elementor-element elementor-element-e8f50d9 elementor-position-inline-start elementor-widget__width-initial elementor-widget-mobile__width-inherit elementor-view-framed elementor-shape-square elementor-mobile-position-inline-start elementor-widget elementor-widget-icon-box\" data-id=\"e8f50d9\" data-element_type=\"widget\" data-e-type=\"widget\" data-widget_type=\"icon-box.default\">\n\t\t\t\t<div class=\"elementor-widget-container\">\n\t\t\t\t\t\t\t<div class=\"elementor-icon-box-wrapper\">\n\n\t\t\t\t\t\t<div class=\"elementor-icon-box-icon\">\n\t\t\t\t<a href=\"tel:18662948787\" class=\"elementor-icon\" tabindex=\"-1\" aria-label=\"&lt;b&gt;Tel\u00e9fono\">\n\t\t\t\t<i aria-hidden=\"true\" class=\"fas fa-phone-alt\"><\/i>\t\t\t\t<\/a>\n\t\t\t<\/div>\n\t\t\t\n\t\t\t\t\t\t<div class=\"elementor-icon-box-content\">\n\n\t\t\t\t\t\t\t\t\t<h3 class=\"elementor-icon-box-title\">\n\t\t\t\t\t\t<a href=\"tel:18662948787\" >\n\t\t\t\t\t\t\t<b>Tel\u00e9fono\t\t\t\t\t\t<\/a>\n\t\t\t\t\t<\/h3>\n\t\t\t\t\n\t\t\t\t\t\t\t\t\t<p class=\"elementor-icon-box-description\">\n\t\t\t\t\t\t1 (866) AX-GURUS<br>\n1-866-294-8787\t\t\t\t\t<\/p>\n\t\t\t\t\n\t\t\t<\/div>\n\t\t\t\n\t\t<\/div>\n\t\t\t\t\t\t<\/div>\n\t\t\t\t<\/div>\n\t\t\t\t<\/div>\n\t\t<div class=\"elementor-element elementor-element-52df8b9 e-con-full e-flex e-con e-child\" data-id=\"52df8b9\" data-element_type=\"container\" data-e-type=\"container\">\n\t\t\t\t<div class=\"elementor-element elementor-element-622a45c elementor-position-inline-start elementor-widget__width-inherit elementor-widget-mobile__width-inherit elementor-view-framed elementor-shape-square elementor-mobile-position-inline-start elementor-widget elementor-widget-icon-box\" data-id=\"622a45c\" data-element_type=\"widget\" data-e-type=\"widget\" data-widget_type=\"icon-box.default\">\n\t\t\t\t<div class=\"elementor-widget-container\">\n\t\t\t\t\t\t\t<div class=\"elementor-icon-box-wrapper\">\n\n\t\t\t\t\t\t<div class=\"elementor-icon-box-icon\">\n\t\t\t\t<a href=\"mailto:david@accident-gurus.com\" class=\"elementor-icon\" tabindex=\"-1\" aria-label=\"&lt;b&gt;Email\">\n\t\t\t\t<i aria-hidden=\"true\" class=\"far fa-envelope\"><\/i>\t\t\t\t<\/a>\n\t\t\t<\/div>\n\t\t\t\n\t\t\t\t\t\t<div class=\"elementor-icon-box-content\">\n\n\t\t\t\t\t\t\t\t\t<h3 class=\"elementor-icon-box-title\">\n\t\t\t\t\t\t<a href=\"mailto:david@accident-gurus.com\" >\n\t\t\t\t\t\t\t<b>Email\t\t\t\t\t\t<\/a>\n\t\t\t\t\t<\/h3>\n\t\t\t\t\n\t\t\t\t\t\t\t\t\t<p class=\"elementor-icon-box-description\">\n\t\t\t\t\t\tdavid@accident-gurus.com\n\t\t\t\t\t<\/p>\n\t\t\t\t\n\t\t\t<\/div>\n\t\t\t\n\t\t<\/div>\n\t\t\t\t\t\t<\/div>\n\t\t\t\t<\/div>\n\t\t\t\t<\/div>\n\t\t<div class=\"elementor-element elementor-element-4c97ddf e-con-full e-flex e-con e-child\" data-id=\"4c97ddf\" data-element_type=\"container\" data-e-type=\"container\">\n\t\t\t\t<div class=\"elementor-element elementor-element-878dd74 elementor-position-inline-start elementor-widget__width-inherit elementor-widget-mobile__width-inherit elementor-view-framed elementor-shape-square elementor-mobile-position-inline-start elementor-widget elementor-widget-icon-box\" data-id=\"878dd74\" data-element_type=\"widget\" data-e-type=\"widget\" data-widget_type=\"icon-box.default\">\n\t\t\t\t<div class=\"elementor-widget-container\">\n\t\t\t\t\t\t\t<div class=\"elementor-icon-box-wrapper\">\n\n\t\t\t\t\t\t<div class=\"elementor-icon-box-icon\">\n\t\t\t\t<span  class=\"elementor-icon\">\n\t\t\t\t<i aria-hidden=\"true\" class=\"fas fa-envelope\"><\/i>\t\t\t\t<\/span>\n\t\t\t<\/div>\n\t\t\t\n\t\t\t\t\t\t<div class=\"elementor-icon-box-content\">\n\n\t\t\t\t\t\t\t\t\t<h3 class=\"elementor-icon-box-title\">\n\t\t\t\t\t\t<span  >\n\t\t\t\t\t\t\t<b> OFICINA DE CORREO\t\t\t\t\t\t<\/span>\n\t\t\t\t\t<\/h3>\n\t\t\t\t\n\t\t\t\t\t\t\t\t\t<p class=\"elementor-icon-box-description\">\n\t\t\t\t\t\t1835 NE Miami Gardens Drive, Suite 350,<br>\nNorth Miami Beach, FL\t\t\t\t\t<\/p>\n\t\t\t\t\n\t\t\t<\/div>\n\t\t\t\n\t\t<\/div>\n\t\t\t\t\t\t<\/div>\n\t\t\t\t<\/div>\n\t\t\t\t<\/div>\n\t\t<div class=\"elementor-element elementor-element-de88cf8 e-con-full e-flex e-con e-child\" data-id=\"de88cf8\" data-element_type=\"container\" data-e-type=\"container\">\n\t\t\t\t<div class=\"elementor-element elementor-element-8c36b39 elementor-position-inline-start elementor-widget__width-initial elementor-widget-mobile__width-inherit elementor-view-framed elementor-shape-square elementor-mobile-position-inline-start elementor-widget elementor-widget-icon-box\" data-id=\"8c36b39\" data-element_type=\"widget\" data-e-type=\"widget\" data-widget_type=\"icon-box.default\">\n\t\t\t\t<div class=\"elementor-widget-container\">\n\t\t\t\t\t\t\t<div class=\"elementor-icon-box-wrapper\">\n\n\t\t\t\t\t\t<div class=\"elementor-icon-box-icon\">\n\t\t\t\t<span  class=\"elementor-icon\">\n\t\t\t\t<i aria-hidden=\"true\" class=\"fas fa-map-marker-alt\"><\/i>\t\t\t\t<\/span>\n\t\t\t<\/div>\n\t\t\t\n\t\t\t\t\t\t<div class=\"elementor-icon-box-content\">\n\n\t\t\t\t\t\t\t\t\t<h3 class=\"elementor-icon-box-title\">\n\t\t\t\t\t\t<span  >\n\t\t\t\t\t\t\t<b> OFICINA\t\t\t\t\t\t<\/span>\n\t\t\t\t\t<\/h3>\n\t\t\t\t\n\t\t\t\t\t\t\t\t\t<p class=\"elementor-icon-box-description\">\n\t\t\t\t\t\t2501 Hollywood Boulevard,<br> Suite 230,<br>\nHollywood, FL 33020\t\t\t\t\t<\/p>\n\t\t\t\t\n\t\t\t<\/div>\n\t\t\t\n\t\t<\/div>\n\t\t\t\t\t\t<\/div>\n\t\t\t\t<\/div>\n\t\t\t\t<\/div>\n\t\t\t\t\t<\/div>\n\t\t\t\t<\/div>\n\t\t\t\t<\/div>\n\t\t\t\t<\/div>\n\t\t\t\t<\/div>\n\t\t\t\t<\/div>\n\t\t","protected":false},"excerpt":{"rendered":"<p>CONT\u00c1CTENOS ACCIDENT GURUS\u2122 &#8211; UN BUFETE DE ABOGADOS. CONTACTA ACCIDENT GURUS \u00a1Ll\u00e1menos hoy mismo! Deje un mensaje, env\u00ede un correo electr\u00f3nico o busque la oficina m\u00e1s cercana. 1 (866) AX-GURUS 1 (866) 294 8787 OBTENGA UNA LLAMADA GRATUITA CONTACTO Y UBICACI\u00d3N Estamos aqu\u00ed para usted 24 horas al d\u00eda, 7 d\u00edas a la semana Tel\u00e9fono&#8230;<\/p>\n","protected":false},"author":11,"featured_media":0,"parent":0,"menu_order":0,"comment_status":"closed","ping_status":"closed","template":"","meta":{"inline_featured_image":false,"_kad_post_transparent":"","_kad_post_title":"hide","_kad_post_layout":"","_kad_post_sidebar_id":"","_kad_post_content_style":"","_kad_post_vertical_padding":"","_kad_post_feature":"","_kad_post_feature_position":"","_kad_post_header":false,"_kad_post_footer":false,"_kad_post_classname":"","footnotes":""},"class_list":["post-12908","page","type-page","status-publish","hentry"],"yoast_head":"<!-- This site is optimized with the Yoast SEO plugin v27.5 - https:\/\/yoast.com\/product\/yoast-seo-wordpress\/ -->\n<title>Contacto - accident-gurus.com<\/title>\n<meta name=\"description\" content=\"CONTACTA ACCIDENT GURUS\u00a1Ll\u00e1menos hoy mismo!Deje un mensaje, env\u00ede un correo electr\u00f3nico o busque la oficina m\u00e1s cercana.1 (866) AX-GURUS1 (866) 294 8787\" \/>\n<meta name=\"robots\" content=\"index, follow, max-snippet:-1, max-image-preview:large, max-video-preview:-1\" \/>\n<link rel=\"canonical\" href=\"https:\/\/accident-gurus.com\/es\/contacto\/\" \/>\n<meta property=\"og:locale\" content=\"es_ES\" \/>\n<meta property=\"og:type\" content=\"article\" \/>\n<meta property=\"og:title\" content=\"Contacto - accident-gurus.com\" \/>\n<meta property=\"og:description\" content=\"CONTACTA ACCIDENT GURUS\u00a1Ll\u00e1menos hoy mismo!Deje un mensaje, env\u00ede un correo electr\u00f3nico o busque la oficina m\u00e1s cercana.1 (866) AX-GURUS1 (866) 294 8787\" \/>\n<meta property=\"og:url\" content=\"https:\/\/accident-gurus.com\/es\/contacto\/\" \/>\n<meta property=\"og:site_name\" content=\"accident-gurus.com\" \/>\n<meta property=\"article:modified_time\" content=\"2024-04-28T09:01:33+00:00\" \/>\n<meta name=\"twitter:card\" content=\"summary_large_image\" \/>\n<meta name=\"twitter:label1\" content=\"Tiempo de lectura\" \/>\n\t<meta name=\"twitter:data1\" content=\"1 minuto\" \/>\n<script type=\"application\/ld+json\" class=\"yoast-schema-graph\">{\"@context\":\"https:\\\/\\\/schema.org\",\"@graph\":[{\"@type\":\"WebPage\",\"@id\":\"https:\\\/\\\/accident-gurus.com\\\/es\\\/contacto\\\/\",\"url\":\"https:\\\/\\\/accident-gurus.com\\\/es\\\/contacto\\\/\",\"name\":\"Contacto - accident-gurus.com\",\"isPartOf\":{\"@id\":\"https:\\\/\\\/accident-gurus.com\\\/es\\\/#website\"},\"datePublished\":\"2023-05-13T22:15:01+00:00\",\"dateModified\":\"2024-04-28T09:01:33+00:00\",\"description\":\"CONTACTA ACCIDENT GURUS\u00a1Ll\u00e1menos hoy mismo!Deje un mensaje, env\u00ede un correo electr\u00f3nico o busque la oficina m\u00e1s cercana.1 (866) AX-GURUS1 (866) 294 8787\",\"breadcrumb\":{\"@id\":\"https:\\\/\\\/accident-gurus.com\\\/es\\\/contacto\\\/#breadcrumb\"},\"inLanguage\":\"es\",\"potentialAction\":[{\"@type\":\"ReadAction\",\"target\":[\"https:\\\/\\\/accident-gurus.com\\\/es\\\/contacto\\\/\"]}]},{\"@type\":\"BreadcrumbList\",\"@id\":\"https:\\\/\\\/accident-gurus.com\\\/es\\\/contacto\\\/#breadcrumb\",\"itemListElement\":[{\"@type\":\"ListItem\",\"position\":1,\"name\":\"Home\",\"item\":\"https:\\\/\\\/accident-gurus.com\\\/es\\\/\"},{\"@type\":\"ListItem\",\"position\":2,\"name\":\"Contacto\"}]},{\"@type\":\"WebSite\",\"@id\":\"https:\\\/\\\/accident-gurus.com\\\/es\\\/#website\",\"url\":\"https:\\\/\\\/accident-gurus.com\\\/es\\\/\",\"name\":\"accident-gurus.com\",\"description\":\"YOUR SOUTH FLORIDA ACCIDENT LAW FIRM\",\"publisher\":{\"@id\":\"https:\\\/\\\/accident-gurus.com\\\/es\\\/#organization\"},\"potentialAction\":[{\"@type\":\"SearchAction\",\"target\":{\"@type\":\"EntryPoint\",\"urlTemplate\":\"https:\\\/\\\/accident-gurus.com\\\/es\\\/?s={search_term_string}\"},\"query-input\":{\"@type\":\"PropertyValueSpecification\",\"valueRequired\":true,\"valueName\":\"search_term_string\"}}],\"inLanguage\":\"es\"},{\"@type\":\"Organization\",\"@id\":\"https:\\\/\\\/accident-gurus.com\\\/es\\\/#organization\",\"name\":\"accident-gurus.com\",\"url\":\"https:\\\/\\\/accident-gurus.com\\\/es\\\/\",\"logo\":{\"@type\":\"ImageObject\",\"inLanguage\":\"es\",\"@id\":\"https:\\\/\\\/accident-gurus.com\\\/es\\\/#\\\/schema\\\/logo\\\/image\\\/\",\"url\":\"https:\\\/\\\/accident-gurus.com\\\/wp-content\\\/uploads\\\/2022\\\/09\\\/cropped-logo_seccion1.png\",\"contentUrl\":\"https:\\\/\\\/accident-gurus.com\\\/wp-content\\\/uploads\\\/2022\\\/09\\\/cropped-logo_seccion1.png\",\"width\":512,\"height\":512,\"caption\":\"accident-gurus.com\"},\"image\":{\"@id\":\"https:\\\/\\\/accident-gurus.com\\\/es\\\/#\\\/schema\\\/logo\\\/image\\\/\"}}]}<\/script>\n<!-- \/ Yoast SEO plugin. -->","yoast_head_json":{"title":"Contacto - accident-gurus.com","description":"CONTACTA ACCIDENT GURUS\u00a1Ll\u00e1menos hoy mismo!Deje un mensaje, env\u00ede un correo electr\u00f3nico o busque la oficina m\u00e1s cercana.1 (866) AX-GURUS1 (866) 294 8787","robots":{"index":"index","follow":"follow","max-snippet":"max-snippet:-1","max-image-preview":"max-image-preview:large","max-video-preview":"max-video-preview:-1"},"canonical":"https:\/\/accident-gurus.com\/es\/contacto\/","og_locale":"es_ES","og_type":"article","og_title":"Contacto - accident-gurus.com","og_description":"CONTACTA ACCIDENT GURUS\u00a1Ll\u00e1menos hoy mismo!Deje un mensaje, env\u00ede un correo electr\u00f3nico o busque la oficina m\u00e1s cercana.1 (866) AX-GURUS1 (866) 294 8787","og_url":"https:\/\/accident-gurus.com\/es\/contacto\/","og_site_name":"accident-gurus.com","article_modified_time":"2024-04-28T09:01:33+00:00","twitter_card":"summary_large_image","twitter_misc":{"Tiempo de lectura":"1 minuto"},"schema":{"@context":"https:\/\/schema.org","@graph":[{"@type":"WebPage","@id":"https:\/\/accident-gurus.com\/es\/contacto\/","url":"https:\/\/accident-gurus.com\/es\/contacto\/","name":"Contacto - accident-gurus.com","isPartOf":{"@id":"https:\/\/accident-gurus.com\/es\/#website"},"datePublished":"2023-05-13T22:15:01+00:00","dateModified":"2024-04-28T09:01:33+00:00","description":"CONTACTA ACCIDENT GURUS\u00a1Ll\u00e1menos hoy mismo!Deje un mensaje, env\u00ede un correo electr\u00f3nico o busque la oficina m\u00e1s cercana.1 (866) AX-GURUS1 (866) 294 8787","breadcrumb":{"@id":"https:\/\/accident-gurus.com\/es\/contacto\/#breadcrumb"},"inLanguage":"es","potentialAction":[{"@type":"ReadAction","target":["https:\/\/accident-gurus.com\/es\/contacto\/"]}]},{"@type":"BreadcrumbList","@id":"https:\/\/accident-gurus.com\/es\/contacto\/#breadcrumb","itemListElement":[{"@type":"ListItem","position":1,"name":"Home","item":"https:\/\/accident-gurus.com\/es\/"},{"@type":"ListItem","position":2,"name":"Contacto"}]},{"@type":"WebSite","@id":"https:\/\/accident-gurus.com\/es\/#website","url":"https:\/\/accident-gurus.com\/es\/","name":"accident-gurus.com","description":"YOUR SOUTH FLORIDA ACCIDENT LAW FIRM","publisher":{"@id":"https:\/\/accident-gurus.com\/es\/#organization"},"potentialAction":[{"@type":"SearchAction","target":{"@type":"EntryPoint","urlTemplate":"https:\/\/accident-gurus.com\/es\/?s={search_term_string}"},"query-input":{"@type":"PropertyValueSpecification","valueRequired":true,"valueName":"search_term_string"}}],"inLanguage":"es"},{"@type":"Organization","@id":"https:\/\/accident-gurus.com\/es\/#organization","name":"accident-gurus.com","url":"https:\/\/accident-gurus.com\/es\/","logo":{"@type":"ImageObject","inLanguage":"es","@id":"https:\/\/accident-gurus.com\/es\/#\/schema\/logo\/image\/","url":"https:\/\/accident-gurus.com\/wp-content\/uploads\/2022\/09\/cropped-logo_seccion1.png","contentUrl":"https:\/\/accident-gurus.com\/wp-content\/uploads\/2022\/09\/cropped-logo_seccion1.png","width":512,"height":512,"caption":"accident-gurus.com"},"image":{"@id":"https:\/\/accident-gurus.com\/es\/#\/schema\/logo\/image\/"}}]}},"_links":{"self":[{"href":"https:\/\/accident-gurus.com\/es\/wp-json\/wp\/v2\/pages\/12908","targetHints":{"allow":["GET"]}}],"collection":[{"href":"https:\/\/accident-gurus.com\/es\/wp-json\/wp\/v2\/pages"}],"about":[{"href":"https:\/\/accident-gurus.com\/es\/wp-json\/wp\/v2\/types\/page"}],"author":[{"embeddable":true,"href":"https:\/\/accident-gurus.com\/es\/wp-json\/wp\/v2\/users\/11"}],"replies":[{"embeddable":true,"href":"https:\/\/accident-gurus.com\/es\/wp-json\/wp\/v2\/comments?post=12908"}],"version-history":[{"count":3,"href":"https:\/\/accident-gurus.com\/es\/wp-json\/wp\/v2\/pages\/12908\/revisions"}],"predecessor-version":[{"id":13749,"href":"https:\/\/accident-gurus.com\/es\/wp-json\/wp\/v2\/pages\/12908\/revisions\/13749"}],"wp:attachment":[{"href":"https:\/\/accident-gurus.com\/es\/wp-json\/wp\/v2\/media?parent=12908"}],"curies":[{"name":"wp","href":"https:\/\/api.w.org\/{rel}","templated":true}]}}